{"id":4467,"date":"2019-12-12T08:18:57","date_gmt":"2019-12-12T08:18:57","guid":{"rendered":"http:\/\/education.liquid-themes.com\/?page_id=4467"},"modified":"2020-10-08T17:44:23","modified_gmt":"2020-10-08T17:44:23","slug":"news","status":"publish","type":"page","link":"https:\/\/tissiconsulting.com\/fr\/news\/","title":{"rendered":"Actualit\u00e9s"},"content":{"rendered":"<div class=\"wpb-content-wrapper\"><section class=\"vc_row wpb_row vc_row-fluid vc_custom_1576243330876 row-contains-padding-top liquid-row-shadowbox-69ea57f49e4bc\"><div class=\"ld-container container\"><div class=\"row ld-row\"><div class=\"wpb_column vc_column_container vc_col-sm-12 liquid-column-69ea57f49e698\"><div class=\"vc_column-inner\"><div class=\"wpb_wrapper\"   ><div class=\"wpb_wrapper-inner\"><style>.ld_blog_69ea57f49e72d .liquid-blog-grid{margin-left:-20px;margin-right:-20px;}.ld_blog_69ea57f49e72d .liquid-blog-grid > div{padding-left:20px;padding-right:20px;}.ld_blog_69ea57f49e72d .liquid-blog-grid .liquid-lp{margin-bottom:40px;}.ld_blog_69ea57f49e72d .filter-list{margin-bottom:px;}.ld_blog_69ea57f49e72d .liquid-blog-item .liquid-lp-title,.ld_blog_69ea57f49e72d .liquid-lp .liquid-lp-title{margin-top:px;margin-bottom:px;}<\/style><div class=\"liquid-blog-posts ld_blog_69ea57f49e72d 1565953244589-8fe6c8db-8cac\"><div class=\"liquid-blog-grid row\"><div class=\"col-md-4\"><article id=\"post-8245\" class=\"liquid-lp post-8245 post type-post status-publish format-standard has-post-thumbnail hentry category-news\"><figure class=\"liquid-lp-media\"  data-responsive-bg=\"true\" data-parallax=\"true\" data-parallax-options='{ \"parallaxBG\": true }'><a  href=\"https:\/\/tissiconsulting.com\/fr\/ropas-testimonials-rania-enjoyed-learning-about-issues-never-discussed-in-school\/\"><img loading=\"lazy\" decoding=\"async\" width=\"740\" height=\"440\" src=\"data:image\/svg+xml;charset=utf-8,&lt;svg xmlns%3D&#039;http%3A%2F%2Fwww.w3.org%2F2000%2Fsvg&#039; viewBox%3D&#039;0 0 740 440&#039;%2F&gt;\" class=\"attachment-liquid-default-blog size-liquid-default-blog ld-lazyload wp-post-image\" alt=\"Rania participated in ROPAS by Tissi\" data-src=\"https:\/\/tissiconsulting.com\/wp-content\/uploads\/2020\/10\/NEWS-Tissi-Web-6-740x440.png\" data-aspect=\"1.6818181818182\" srcset=\"\" \/><\/a><\/figure><header class=\"liquid-lp-header\">\n\t<h2 class=\"entry-title liquid-lp-title h4\"><a  href=\"https:\/\/tissiconsulting.com\/fr\/ropas-testimonials-rania-enjoyed-learning-about-issues-never-discussed-in-school\/\" rel=\"bookmark\">T\u00e9moignages ROPAS : Rania a aim\u00e9 apprendre des sujets jamais abord\u00e9s \u00e0 l'\u00e9cole<\/a><\/h2><\/header>\n\n\t\t\t<div class=\"liquid-lp-excerpt entry-summary mt-1\">\n\t\t\t\tRania graduated in 2020 from a French high school in Bamako. She is preparing to leave Mali to study in\t\t\t<\/div><!-- \/.latest-post-excerpt -->\n\t\t\n<footer class=\"liquid-lp-footer\">\n\t<a href=\"https:\/\/tissiconsulting.com\/fr\/ropas-testimonials-rania-enjoyed-learning-about-issues-never-discussed-in-school\/\" class=\"btn font-weight-bold btn-naked liquid-lp-read-more\">\n\t\t<span>\n\t\t\t<span class=\"btn-txt\">Lire plus<\/span>\n\t\t\t<span class=\"btn-icon\">\n\t\t\t\t<i class=\"fa fa-angle-right\"><\/i>\n\t\t\t<\/span>\n\t\t<\/span>\n\t<\/a>\n<\/footer>\n<\/article><\/div><div class=\"col-md-4\"><article id=\"post-8244\" class=\"liquid-lp post-8244 post type-post status-publish format-standard has-post-thumbnail hentry category-news\"><figure class=\"liquid-lp-media\"  data-responsive-bg=\"true\" data-parallax=\"true\" data-parallax-options='{ \"parallaxBG\": true }'><a  href=\"https:\/\/tissiconsulting.com\/fr\/ropas-testimonials-warda-feels-more-open-minded-and-knowledgeable-about-antiracism\/\"><img loading=\"lazy\" decoding=\"async\" width=\"740\" height=\"440\" src=\"data:image\/svg+xml;charset=utf-8,&lt;svg xmlns%3D&#039;http%3A%2F%2Fwww.w3.org%2F2000%2Fsvg&#039; viewBox%3D&#039;0 0 740 440&#039;%2F&gt;\" class=\"attachment-liquid-default-blog size-liquid-default-blog ld-lazyload wp-post-image\" alt=\"Warda participated in ROPAS by Tissi\" data-src=\"https:\/\/tissiconsulting.com\/wp-content\/uploads\/2020\/10\/NEWS-Tissi-Web-5-740x440.png\" data-aspect=\"1.6818181818182\" srcset=\"\" \/><\/a><\/figure><header class=\"liquid-lp-header\">\n\t<h2 class=\"entry-title liquid-lp-title h4\"><a  href=\"https:\/\/tissiconsulting.com\/fr\/ropas-testimonials-warda-feels-more-open-minded-and-knowledgeable-about-antiracism\/\" rel=\"bookmark\">T\u00e9moignages ROPAS : Warda se sent plus ouverte d'esprit et bien inform\u00e9e sur l'antiracisme<\/a><\/h2><\/header>\n\n\t\t\t<div class=\"liquid-lp-excerpt entry-summary mt-1\">\n\t\t\t\tWarda is a Grade 12 student in Bamako. Upon graduation, she will move to Canada for college. She participated in\t\t\t<\/div><!-- \/.latest-post-excerpt -->\n\t\t\n<footer class=\"liquid-lp-footer\">\n\t<a href=\"https:\/\/tissiconsulting.com\/fr\/ropas-testimonials-warda-feels-more-open-minded-and-knowledgeable-about-antiracism\/\" class=\"btn font-weight-bold btn-naked liquid-lp-read-more\">\n\t\t<span>\n\t\t\t<span class=\"btn-txt\">Lire plus<\/span>\n\t\t\t<span class=\"btn-icon\">\n\t\t\t\t<i class=\"fa fa-angle-right\"><\/i>\n\t\t\t<\/span>\n\t\t<\/span>\n\t<\/a>\n<\/footer>\n<\/article><\/div><div class=\"col-md-4\"><article id=\"post-8225\" class=\"liquid-lp post-8225 post type-post status-publish format-standard has-post-thumbnail hentry category-news\"><figure class=\"liquid-lp-media\"  data-responsive-bg=\"true\" data-parallax=\"true\" data-parallax-options='{ \"parallaxBG\": true }'><a  href=\"https:\/\/tissiconsulting.com\/fr\/ropas-testimonials-axelle-feels-empowered-to-act-for-to-social-change\/\"><img loading=\"lazy\" decoding=\"async\" width=\"740\" height=\"440\" src=\"data:image\/svg+xml;charset=utf-8,&lt;svg xmlns%3D&#039;http%3A%2F%2Fwww.w3.org%2F2000%2Fsvg&#039; viewBox%3D&#039;0 0 740 440&#039;%2F&gt;\" class=\"attachment-liquid-default-blog size-liquid-default-blog ld-lazyload wp-post-image\" alt=\"Axelle participated in ROPAS by Tissi\" data-src=\"https:\/\/tissiconsulting.com\/wp-content\/uploads\/2020\/09\/NEWS-Tissi-Web-4-740x440.png\" data-aspect=\"1.6818181818182\" srcset=\"\" \/><\/a><\/figure><header class=\"liquid-lp-header\">\n\t<h2 class=\"entry-title liquid-lp-title h4\"><a  href=\"https:\/\/tissiconsulting.com\/fr\/ropas-testimonials-axelle-feels-empowered-to-act-for-to-social-change\/\" rel=\"bookmark\">T\u00e9moignages ROPAS : Axelle se sent habilit\u00e9e \u00e0 agir pour le changement social<\/a><\/h2><\/header>\n\n\t\t\t<div class=\"liquid-lp-excerpt entry-summary mt-1\">\n\t\t\t\tAxelle graduated in 2020 from a French high school in Bamako. She now left for France, where she is pursuing\t\t\t<\/div><!-- \/.latest-post-excerpt -->\n\t\t\n<footer class=\"liquid-lp-footer\">\n\t<a href=\"https:\/\/tissiconsulting.com\/fr\/ropas-testimonials-axelle-feels-empowered-to-act-for-to-social-change\/\" class=\"btn font-weight-bold btn-naked liquid-lp-read-more\">\n\t\t<span>\n\t\t\t<span class=\"btn-txt\">Lire plus<\/span>\n\t\t\t<span class=\"btn-icon\">\n\t\t\t\t<i class=\"fa fa-angle-right\"><\/i>\n\t\t\t<\/span>\n\t\t<\/span>\n\t<\/a>\n<\/footer>\n<\/article><\/div><div class=\"col-md-4\"><article id=\"post-8133\" class=\"liquid-lp post-8133 post type-post status-publish format-standard has-post-thumbnail hentry category-news\"><figure class=\"liquid-lp-media\"  data-responsive-bg=\"true\" data-parallax=\"true\" data-parallax-options='{ \"parallaxBG\": true }'><a  href=\"https:\/\/tissiconsulting.com\/fr\/2020-calls-for-antiracist-education-in-your-classroom-do-it-right\/\"><img loading=\"lazy\" decoding=\"async\" width=\"740\" height=\"440\" src=\"data:image\/svg+xml;charset=utf-8,&lt;svg xmlns%3D&#039;http%3A%2F%2Fwww.w3.org%2F2000%2Fsvg&#039; viewBox%3D&#039;0 0 740 440&#039;%2F&gt;\" class=\"attachment-liquid-default-blog size-liquid-default-blog ld-lazyload wp-post-image\" alt=\"ROPAS antiracist course for university and high school students\" data-src=\"https:\/\/tissiconsulting.com\/wp-content\/uploads\/2020\/09\/Tissi-_News_ROPAS-740x440.png\" data-aspect=\"1.6818181818182\" srcset=\"\" \/><\/a><\/figure><header class=\"liquid-lp-header\">\n\t<h2 class=\"entry-title liquid-lp-title h4\"><a  href=\"https:\/\/tissiconsulting.com\/fr\/2020-calls-for-antiracist-education-in-your-classroom-do-it-right\/\" rel=\"bookmark\">2020 calls for antiracist education in your classroom: do it right with ROPAS\u00ae<\/a><\/h2><\/header>\n\n\t\t\t<div class=\"liquid-lp-excerpt entry-summary mt-1\">\n\t\t\t\tAt age 16, I left Mali to study at Science Po in France. During my second week there, I was\t\t\t<\/div><!-- \/.latest-post-excerpt -->\n\t\t\n<footer class=\"liquid-lp-footer\">\n\t<a href=\"https:\/\/tissiconsulting.com\/fr\/2020-calls-for-antiracist-education-in-your-classroom-do-it-right\/\" class=\"btn font-weight-bold btn-naked liquid-lp-read-more\">\n\t\t<span>\n\t\t\t<span class=\"btn-txt\">Lire plus<\/span>\n\t\t\t<span class=\"btn-icon\">\n\t\t\t\t<i class=\"fa fa-angle-right\"><\/i>\n\t\t\t<\/span>\n\t\t<\/span>\n\t<\/a>\n<\/footer>\n<\/article><\/div><div class=\"col-md-4\"><article id=\"post-3616\" class=\"liquid-lp post-3616 post type-post status-publish format-standard has-post-thumbnail hentry category-news\"><figure class=\"liquid-lp-media\"  data-responsive-bg=\"true\" data-parallax=\"true\" data-parallax-options='{ \"parallaxBG\": true }'><a  href=\"https:\/\/tissiconsulting.com\/fr\/why-tissi\/\"><img loading=\"lazy\" decoding=\"async\" width=\"740\" height=\"440\" src=\"data:image\/svg+xml;charset=utf-8,&lt;svg xmlns%3D&#039;http%3A%2F%2Fwww.w3.org%2F2000%2Fsvg&#039; viewBox%3D&#039;0 0 740 440&#039;%2F&gt;\" class=\"attachment-liquid-default-blog size-liquid-default-blog ld-lazyload wp-post-image\" alt=\"\" data-src=\"https:\/\/tissiconsulting.com\/wp-content\/uploads\/2020\/07\/NEWS-740x440.png\" data-aspect=\"1.6818181818182\" srcset=\"\" \/><\/a><\/figure><header class=\"liquid-lp-header\">\n\t<h2 class=\"entry-title liquid-lp-title h4\"><a  href=\"https:\/\/tissiconsulting.com\/fr\/why-tissi\/\" rel=\"bookmark\">Pourquoi Tissi ?<\/a><\/h2><\/header>\n\n\t\t\t<div class=\"liquid-lp-excerpt entry-summary mt-1\">\n\t\t\t\tIn many African countries, the education system is facing a learning crisis. What does it mean? Think of education as\t\t\t<\/div><!-- \/.latest-post-excerpt -->\n\t\t\n<footer class=\"liquid-lp-footer\">\n\t<a href=\"https:\/\/tissiconsulting.com\/fr\/why-tissi\/\" class=\"btn font-weight-bold btn-naked liquid-lp-read-more\">\n\t\t<span>\n\t\t\t<span class=\"btn-txt\">Lire plus<\/span>\n\t\t\t<span class=\"btn-icon\">\n\t\t\t\t<i class=\"fa fa-angle-right\"><\/i>\n\t\t\t<\/span>\n\t\t<\/span>\n\t<\/a>\n<\/footer>\n<\/article><\/div><\/div><!--\/ .row --><\/div><!--\/ .liquid-blog-posts --><\/div><\/div><\/div><\/div><\/div><\/div><\/section><section data-parallax=\"true\" data-parallax-options='{\"parallaxBG\":true}' data-bg-image=\"url\" class=\"vc_row wpb_row vc_row-fluid vc_custom_1594161937282 row-contains-padding-top row-contains-padding-bottom liquid-row-shadowbox-69ea57f4b807b vc_row-has-fill vc_row-has-bg\"><div class=\"ld-container container\"><div class=\"row ld-row\"><div class=\"wpb_column vc_column_container vc_col-sm-12 vc_col-md-offset-2 vc_col-md-8 text-center liquid-column-69ea57f4b81cc\"><div class=\"vc_column-inner\"><div class=\"wpb_wrapper\"   ><div class=\"wpb_wrapper-inner\"><style>.ld_fancy_heading_69ea57f4b8287 h2{font-size:48;font-weight:700;color:rgb(255, 255, 255);}@media (min-width: 992px) { .ld_fancy_heading_69ea57f4b8287 h2 {margin-bottom:0 !important;  }  } .ld_fancy_heading_69ea57f4b8287 .lqd-highlight-inner{height:0.275em;bottom:0px;}@media (min-width: 992px) { .ld_fancy_heading_69ea57f4b8287 h2 {margin-bottom:0 !important;  }  } <\/style><div class=\"ld-fancy-heading ld_fancy_heading_69ea57f4b8287\">\n\t<h2 class=\"lqd-highlight-underline lqd-highlight-grow-left\" ><span class=\"ld-fh-txt\"> Vous aimez lire ? Continuez de lire<\/span><\/h2><\/div><style>.ld_spacer_69ea57f4b8427{height:22px;}<\/style>\n<div class=\"ld-empty-space ld_spacer_69ea57f4b8427\"><span class=\"liquid_empty_space_inner\"><\/span><\/div><style>.ld_fancy_heading_69ea57f4b84b0 p{font-size:24px;color:rgb(255, 255, 255);}.ld_fancy_heading_69ea57f4b84b0 .lqd-highlight-inner{height:0.275em;bottom:0px;}<\/style><div class=\"ld-fancy-heading ld_fancy_heading_69ea57f4b84b0\">\n\t<p class=\"lqd-highlight-underline lqd-highlight-grow-left\" ><span class=\"ld-fh-txt\"> Recevez les derniers articles directement dans votre bo\u00eete de r\u00e9ception !<\/span><\/p><\/div><style>.ld_spacer_69ea57f4b8506{height:22px;}<\/style>\n<div class=\"ld-empty-space ld_spacer_69ea57f4b8506\"><span class=\"liquid_empty_space_inner\"><\/span><\/div><style>.ld_newsletter_69ea57f4b8572.ld-sf input{font-size:16px;}.ld_newsletter_69ea57f4b8572.ld-sf .ld_sf_submit{font-size:14px;font-weight:700;letter-spacing:0.1em;}.ld_newsletter_69ea57f4b8572.ld-sf input[type=\"email\"]{background:rgb(255, 255, 255);color:rgb(184, 190, 202);}.ld_newsletter_69ea57f4b8572.ld-sf input[type=\"email\"]:focus{color:rgb(0, 0, 0);}.ld_newsletter_69ea57f4b8572.ld-sf button.ld_sf_submit{background:rgb(12, 20, 29);color:rgb(255, 255, 255);}.ld_newsletter_69ea57f4b8572.ld-sf buttont.ld_sf_submit:hover{background:rgb(0, 0, 0);color:rgb(255, 255, 255);}<\/style><div id=\"ld_newsletter_69ea57f4b8572\" class=\"ld-sf ld-sf--input-solid ld-sf--button-solid ld-sf--size-md ld-sf--round ld-sf--border-thin ld-sf--button-show ld-sf--button-inside button-shrinked ld_newsletter_69ea57f4b8572\" >\n\n\t<form id=\"ld_subscribe_form\" class=\"ld_sf_form\" method=\"post\" action=\"https:\/\/tissiconsulting.com\/fr\/why-tissi\/\" data-trp-original-action=\"https:\/\/tissiconsulting.com\/fr\/why-tissi\/\">\n\t\t<p class=\"ld_sf_paragraph\">\n\t\t\t<input type=\"email\" class=\"email\" id=\"email\" name=\"email\" placeholder=\"E-mail\" value=\"\" \/>\n\t\t<\/p>\n\t\t<button type=\"submit\" class=\"ld_sf_submit\"><span class=\"submit-text\">S\u2019abonner<\/span> <span class=\"ld-sf-spinner\"><span>Envoi en cours <\/span><\/span><\/button>\t\t<input type=\"hidden\" id=\"list_id\" class=\"list_id\" name=\"list_id\" value=\"\">\n\t\t<input type=\"hidden\" id=\"_wpnonce\" name=\"_wpnonce\" value=\"97844f2bec\" \/><input type=\"hidden\" name=\"_wp_http_referer\" value=\"\/fr\/wp-json\/wp\/v2\/pages\/4467\" \/>\t<input type=\"hidden\" name=\"trp-form-language\" value=\"fr\"\/><\/form>\n\t<div class=\"ld_sf_response\"><\/div>\n<\/div><\/div><\/div><\/div><\/div><\/div><\/div><\/section>\n<\/div>","protected":false},"excerpt":{"rendered":"In many African countries, the education system is facing a learning crisis. What does it mean? Think of education as","protected":false},"author":1,"featured_media":0,"parent":0,"menu_order":3,"comment_status":"closed","ping_status":"closed","template":"","meta":{"footnotes":""},"class_list":["post-4467","page","type-page","status-publish","hentry"],"jetpack_sharing_enabled":true,"_links":{"self":[{"href":"https:\/\/tissiconsulting.com\/fr\/wp-json\/wp\/v2\/pages\/4467","targetHints":{"allow":["GET"]}}],"collection":[{"href":"https:\/\/tissiconsulting.com\/fr\/wp-json\/wp\/v2\/pages"}],"about":[{"href":"https:\/\/tissiconsulting.com\/fr\/wp-json\/wp\/v2\/types\/page"}],"author":[{"embeddable":true,"href":"https:\/\/tissiconsulting.com\/fr\/wp-json\/wp\/v2\/users\/1"}],"replies":[{"embeddable":true,"href":"https:\/\/tissiconsulting.com\/fr\/wp-json\/wp\/v2\/comments?post=4467"}],"version-history":[{"count":5,"href":"https:\/\/tissiconsulting.com\/fr\/wp-json\/wp\/v2\/pages\/4467\/revisions"}],"predecessor-version":[{"id":8256,"href":"https:\/\/tissiconsulting.com\/fr\/wp-json\/wp\/v2\/pages\/4467\/revisions\/8256"}],"wp:attachment":[{"href":"https:\/\/tissiconsulting.com\/fr\/wp-json\/wp\/v2\/media?parent=4467"}],"curies":[{"name":"wp","href":"https:\/\/api.w.org\/{rel}","templated":true}]}}