{"id":8277,"date":"2021-01-27T18:59:02","date_gmt":"2021-01-27T18:59:02","guid":{"rendered":"https:\/\/tissiconsulting.com\/?page_id=8277"},"modified":"2021-03-30T16:22:40","modified_gmt":"2021-03-30T16:22:40","slug":"ropas","status":"publish","type":"page","link":"https:\/\/tissiconsulting.com\/fr\/ropas\/","title":{"rendered":"ROPAS\u00ae"},"content":{"rendered":"<div class=\"wpb-content-wrapper\"><section class=\"vc_row wpb_row vc_row-fluid liquid-row-shadowbox-69ea580e53401\"><div class=\"ld-container container\"><div class=\"row ld-row\"><div class=\"wpb_column vc_column_container vc_col-sm-6 liquid-column-69ea580e53606\"><div class=\"vc_column-inner\"><div class=\"wpb_wrapper\"   ><div class=\"wpb_wrapper-inner\"><div class=\"vc_empty_space\"   style=\"height: 35px\"><span class=\"vc_empty_space_inner\"><\/span><\/div>\n\t<div  class=\"wpb_single_image wpb_content_element vc_align_center  liquid_vc_single_image-69ea580e5883e\">\n\t\t\n\t\t<figure class=\"wpb_wrapper vc_figure\">\n\t\t\t<div class=\"vc_single_image-wrapper   vc_box_border_grey\"><img loading=\"lazy\" decoding=\"async\" width=\"300\" height=\"300\" src=\"data:image\/svg+xml;charset=utf-8,&lt;svg xmlns%3D&#039;http%3A%2F%2Fwww.w3.org%2F2000%2Fsvg&#039; viewBox%3D&#039;0 0 300 300&#039;%2F&gt;\" class=\"vc_single_image-img attachment-medium ld-lazyload\" alt=\"ROPAS Tissi Racial Orientation Program for African Students\" title=\"ROPAS_Logo_Positif\" srcset=\"\" sizes=\"auto, (max-width: 300px) 100vw, 300px\" data-src=\"https:\/\/tissiconsulting.com\/wp-content\/uploads\/2021\/02\/ROPAS_Logo_Positif-300x300.png\" data-srcset=\"https:\/\/i0.wp.com\/tissiconsulting.com\/wp-content\/uploads\/2021\/02\/ROPAS_Logo_Positif.png?resize=300%2C300&amp;ssl=1 300w, https:\/\/i0.wp.com\/tissiconsulting.com\/wp-content\/uploads\/2021\/02\/ROPAS_Logo_Positif.png?resize=1024%2C1024&amp;ssl=1 1024w, https:\/\/i0.wp.com\/tissiconsulting.com\/wp-content\/uploads\/2021\/02\/ROPAS_Logo_Positif.png?resize=150%2C150&amp;ssl=1 150w, https:\/\/i0.wp.com\/tissiconsulting.com\/wp-content\/uploads\/2021\/02\/ROPAS_Logo_Positif.png?resize=12%2C12&amp;ssl=1 12w, https:\/\/i0.wp.com\/tissiconsulting.com\/wp-content\/uploads\/2021\/02\/ROPAS_Logo_Positif.png?w=1560&amp;ssl=1 1560w, https:\/\/i0.wp.com\/tissiconsulting.com\/wp-content\/uploads\/2021\/02\/ROPAS_Logo_Positif.png?w=2340&amp;ssl=1 2340w\" data-aspect=\"1\" \/><\/div>\n\t\t<\/figure>\n\t<\/div>\n<\/div><\/div><\/div><\/div><div class=\"wpb_column vc_column_container vc_col-sm-6 liquid-column-69ea580e58b5b\"><div class=\"vc_column-inner\"><div class=\"wpb_wrapper\"   ><div class=\"wpb_wrapper-inner\"><div class=\"vc_empty_space\"   style=\"height: 35px\"><span class=\"vc_empty_space_inner\"><\/span><\/div>\n\t<div  class=\"wpb_single_image wpb_content_element vc_align_center  liquid_vc_single_image-69ea580e5cf68\">\n\t\t\n\t\t<figure class=\"wpb_wrapper vc_figure\">\n\t\t\t<div class=\"vc_single_image-wrapper   vc_box_border_grey\"><img loading=\"lazy\" decoding=\"async\" width=\"300\" height=\"300\" src=\"data:image\/svg+xml;charset=utf-8,&lt;svg xmlns%3D&#039;http%3A%2F%2Fwww.w3.org%2F2000%2Fsvg&#039; viewBox%3D&#039;0 0 300 300&#039;%2F&gt;\" class=\"vc_single_image-img attachment-medium ld-lazyload\" alt=\"ROPAS Tissi Racial Orientation Program for Antiracist Students\" title=\"ROPAS_Logo2_Negatif\" srcset=\"\" sizes=\"auto, (max-width: 300px) 100vw, 300px\" data-src=\"https:\/\/tissiconsulting.com\/wp-content\/uploads\/2021\/02\/ROPAS_Logo2_Negatif-300x300.png\" data-srcset=\"https:\/\/i0.wp.com\/tissiconsulting.com\/wp-content\/uploads\/2021\/02\/ROPAS_Logo2_Negatif.png?resize=300%2C300&amp;ssl=1 300w, https:\/\/i0.wp.com\/tissiconsulting.com\/wp-content\/uploads\/2021\/02\/ROPAS_Logo2_Negatif.png?resize=1024%2C1024&amp;ssl=1 1024w, https:\/\/i0.wp.com\/tissiconsulting.com\/wp-content\/uploads\/2021\/02\/ROPAS_Logo2_Negatif.png?resize=150%2C150&amp;ssl=1 150w, https:\/\/i0.wp.com\/tissiconsulting.com\/wp-content\/uploads\/2021\/02\/ROPAS_Logo2_Negatif.png?resize=12%2C12&amp;ssl=1 12w, https:\/\/i0.wp.com\/tissiconsulting.com\/wp-content\/uploads\/2021\/02\/ROPAS_Logo2_Negatif.png?w=1560&amp;ssl=1 1560w, https:\/\/i0.wp.com\/tissiconsulting.com\/wp-content\/uploads\/2021\/02\/ROPAS_Logo2_Negatif.png?w=2340&amp;ssl=1 2340w\" data-aspect=\"1\" \/><\/div>\n\t\t<\/figure>\n\t<\/div>\n<\/div><\/div><\/div><\/div><\/div><\/div><\/section><section class=\"vc_row wpb_row vc_row-fluid liquid-row-shadowbox-69ea580e5d12e\"><div class=\"ld-container container\"><div class=\"row ld-row\"><div class=\"wpb_column vc_column_container vc_col-sm-12 liquid-column-69ea580e5d4a8\"><div class=\"vc_column-inner\"><div class=\"wpb_wrapper\"   ><div class=\"wpb_wrapper-inner\">\n\t<div class=\"wpb_text_column wpb_content_element\" >\n\t\t<div class=\"wpb_wrapper\">\n\t\t\t<p><strong>ROPAS\u00ae is an interactive course for high school and university students that uses the Black Lives Matter movement as a gateway to address the history of racism, the history of resistance, the collateral damages of racism in our societies, and the commitment to antiracism.\u00a0<\/strong><\/p>\n<p><span style=\"font-weight: 400;\">ROPAS stands for:<\/span><\/p>\n<ul>\n<li><span style=\"font-weight: 400;\"><em>Racial Orientation Program for African Students<\/em>: it was initially created as a camp to prepare students living in Africa to transition from life on the continent as high schoolers to life outside Africa as college students. <\/span><\/li>\n<li><em>Racial Orientation Program for Antiracist Students<\/em>: <strong>the course <\/strong><strong>is transformational for all young people<\/strong> who want to be better equipped to understand the systems of inequity that exist worldwide and reflect upon the role they can play to create change.<\/li>\n<\/ul>\n<p><strong>In a few months, we took ROPAS around the world. We worked with over 160 high schoolers and university students in Mali, the United Kingdom, Japan, and Switzerland.\u00a0\u00a0<\/strong><\/p>\n<h3>Watch the presentation video<\/h3>\n<p><span style=\"font-weight: 400;\">Learn more about the program, and meet the instructor and creator of ROPAS, Estelle Bougna Fomeju:\u00a0<\/span><\/p>\n\n\t\t<\/div>\n\t<\/div>\n<div class=\"vc_empty_space\"   style=\"height: 10px\"><span class=\"vc_empty_space_inner\"><\/span><\/div>\n\t<div class=\"wpb_video_widget wpb_content_element vc_clearfix   vc_video-aspect-ratio-169 vc_video-el-width-80 vc_video-align-left\" >\n\t\t<div class=\"wpb_wrapper\">\n\t\t\t\n\t\t\t<div class=\"wpb_video_wrapper\"><iframe loading=\"lazy\" title=\"Tissi - ROPAS\u00ae Racial Orientation Program for African Students\" width=\"500\" height=\"281\" src=\"https:\/\/www.youtube.com\/embed\/videoseries?list=PLmMdEAMaHAdy_i0I7rj1xguN-cx3Edsr6\" frameborder=\"0\" allow=\"accelerometer; autoplay; clipboard-write; encrypted-media; gyroscope; picture-in-picture; web-share\" referrerpolicy=\"strict-origin-when-cross-origin\" allowfullscreen><\/iframe><\/div>\n\t\t<\/div>\n\t<\/div>\n<div class=\"vc_empty_space\"   style=\"height: 25px\"><span class=\"vc_empty_space_inner\"><\/span><\/div>\n\t<div class=\"wpb_text_column wpb_content_element\" >\n\t\t<div class=\"wpb_wrapper\">\n\t\t\t<h3>What is unique about our approach?<\/h3>\n<ul>\n<li style=\"font-weight: 400;\" aria-level=\"1\"><span style=\"font-weight: 400;\">We create a fun and safe space to inquire, analyze, and think critically about complex issues;<\/span><\/li>\n<li style=\"font-weight: 400;\" aria-level=\"1\"><span style=\"font-weight: 400;\">We focus on students\u2019 individual and social experiences and help them grow in their understanding of their identities and self-awareness;\u00a0<\/span><\/li>\n<li style=\"font-weight: 400;\" aria-level=\"1\"><span style=\"font-weight: 400;\">While the full course is 12-14 hours, we also organize shorter sessions (1 hour, 3 hours) focusing on specific modules depending on your students\u2019 needs;<\/span><\/li>\n<li style=\"font-weight: 400;\" aria-level=\"1\"><span style=\"font-weight: 400;\">We offer the course online or in-person;<\/span><\/li>\n<li style=\"font-weight: 400;\" aria-level=\"1\"><span style=\"font-weight: 400;\">We offer the course in English, French or both.<\/span><\/li>\n<\/ul>\n\n\t\t<\/div>\n\t<\/div>\n<div class=\"vc_empty_space\"   style=\"height: 15px\"><span class=\"vc_empty_space_inner\"><\/span><\/div><style>.ld_button_69ea580e5dd3d .btn-gradient-border defs stop:first-child{stop-color:rgb(163, 22, 33);}.ld_button_69ea580e5dd3d .btn-gradient-border defs stop:last-child{stop-color:rgb(163, 22, 33);}.ld_button_69ea580e5dd3d{color:rgb(255, 255, 255);font-size:22px !important;font-weight:700 !important;}.ld_button_69ea580e5dd3d:hover{color:rgb(0, 0, 0);}.ld_button_69ea580e5dd3d.btn-bordered{border-color:rgb(163, 22, 33);}<\/style><a href=\"https:\/\/forms.gle\/fGv7jaPJ32oVY4AR7\" target=\"_blank\" class=\"btn btn-solid btn-lg round btn-bordered border-thin ld_button_69ea580e5dd3d vc_custom_1612204922250\">\n\t<span>\n\t\t\n\t\t\t\t\t<span class=\"btn-txt\">REGISTER NOW<\/span>\n\t\t\t\n\t\t\t\t<\/span>\n<\/a>\n<div class=\"vc_empty_space\"   style=\"height: 25px\"><span class=\"vc_empty_space_inner\"><\/span><\/div>\n\t<div class=\"wpb_text_column wpb_content_element\" >\n\t\t<div class=\"wpb_wrapper\">\n\t\t\t<h3>Learning objectives<\/h3>\n<p><span style=\"font-weight: 400;\">At the end of the full ROPAS\u00ae course, students will be able to:\u00a0<\/span><\/p>\n<ul>\n<li style=\"font-weight: 400;\" aria-level=\"1\"><span style=\"font-weight: 400;\">Construct a cohesive analysis of racism;<\/span><\/li>\n<li style=\"font-weight: 400;\" aria-level=\"1\"><span style=\"font-weight: 400;\">Examine the inseparable link between oppression and resistance;\u00a0<\/span><\/li>\n<li style=\"font-weight: 400;\" aria-level=\"1\"><span style=\"font-weight: 400;\">Determine their commitment to antiracism;\u00a0<\/span><\/li>\n<li style=\"font-weight: 400;\" aria-level=\"1\"><span style=\"font-weight: 400;\">Critique and face racism rationally and not only emotionally;<\/span><\/li>\n<li style=\"font-weight: 400;\" aria-level=\"1\"><span style=\"font-weight: 400;\">Feel more confident and rooted to navigate the world.<\/span><\/li>\n<li style=\"font-weight: 400;\" aria-level=\"1\"><span style=\"font-weight: 400;\">Effectively research, analyze, synthesize and present information on a new topic;<\/span><\/li>\n<li style=\"font-weight: 400;\" aria-level=\"1\"><span style=\"font-weight: 400;\">Defend their opinions and interact with different views.\u00a0<\/span><\/li>\n<\/ul>\n<h3>ROPAS\u00ae is rooted in the global fight for equity<\/h3>\n<p><span style=\"font-weight: 400;\">How do you deconstruct systems of oppression and injustice? The same way they were constructed: by dismantling racist policies and racist ideas. Our objective is to use the power of student-centered education to dismantle racist ideas and prepare generations that will design and advocate for antiracist policies.\u00a0<\/span><\/p>\n\n\t\t<\/div>\n\t<\/div>\n<div class=\"vc_empty_space\"   style=\"height: 15px\"><span class=\"vc_empty_space_inner\"><\/span><\/div><style>.ld_button_69ea580e5dfda .btn-gradient-border defs stop:first-child{stop-color:rgb(163, 22, 33);}.ld_button_69ea580e5dfda .btn-gradient-border defs stop:last-child{stop-color:rgb(163, 22, 33);}.ld_button_69ea580e5dfda{color:rgb(255, 255, 255);font-size:22px !important;font-weight:700 !important;}.ld_button_69ea580e5dfda:hover{color:rgb(0, 0, 0);}.ld_button_69ea580e5dfda.btn-bordered{border-color:rgb(163, 22, 33);}<\/style><a href=\"https:\/\/forms.gle\/fGv7jaPJ32oVY4AR7\" target=\"_blank\" class=\"btn btn-solid btn-lg round btn-bordered border-thin ld_button_69ea580e5dfda vc_custom_1612204922250\">\n\t<span>\n\t\t\n\t\t\t\t\t<span class=\"btn-txt\">REGISTER NOW<\/span>\n\t\t\t\n\t\t\t\t<\/span>\n<\/a>\n<div class=\"vc_empty_space\"   style=\"height: 25px\"><span class=\"vc_empty_space_inner\"><\/span><\/div>\n\t<div class=\"wpb_text_column wpb_content_element\" >\n\t\t<div class=\"wpb_wrapper\">\n\t\t\t<h3>Hear directly from students<\/h3>\n<p><span style=\"font-weight: 400;\">Check out the short bilingual videos and transcripts from some of the students who participated in ROPAS. They share with you what they loved about the program, what they learned, and the transformational impact it had on them.\u00a0<\/span><\/p>\n\n\t\t<\/div>\n\t<\/div>\n<div class=\"vc_empty_space\"   style=\"height: 15px\"><span class=\"vc_empty_space_inner\"><\/span><\/div><\/div><\/div><\/div><\/div><\/div><\/div><\/section><section class=\"vc_row wpb_row vc_row-fluid liquid-row-shadowbox-69ea580e5e289\"><div class=\"ld-container container\"><div class=\"row ld-row\"><div class=\"wpb_column vc_column_container vc_col-sm-4 liquid-column-69ea580e5e3f9\"><div class=\"vc_column-inner\"><div class=\"wpb_wrapper\"   ><div class=\"wpb_wrapper-inner\"><style>.ld_blog_69ea580e5e4ba .liquid-blog-grid{margin-left:-15px;margin-right:-15px;}.ld_blog_69ea580e5e4ba .liquid-blog-grid > div{padding-left:15px;padding-right:15px;}.ld_blog_69ea580e5e4ba .liquid-blog-grid .liquid-lp{margin-bottom:30px;}.ld_blog_69ea580e5e4ba .filter-list{margin-bottom:px;}.ld_blog_69ea580e5e4ba .liquid-blog-item .liquid-lp-title,.ld_blog_69ea580e5e4ba .liquid-lp .liquid-lp-title{margin-top:px;margin-bottom:px;}<\/style><div class=\"liquid-blog-posts ld_blog_69ea580e5e4ba 1600272776154-3011b4f5-1f99\"><div class=\"liquid-blog-grid row\"><div class=\"col-md-12\"><article id=\"post-8225\" class=\"liquid-lp post-8225 post type-post status-publish format-standard has-post-thumbnail hentry category-news\"><figure class=\"liquid-lp-media\"  data-responsive-bg=\"true\" data-parallax=\"true\" data-parallax-options='{ \"parallaxBG\": true }'><a  href=\"https:\/\/tissiconsulting.com\/fr\/ropas-testimonials-axelle-feels-empowered-to-act-for-to-social-change\/\"><img loading=\"lazy\" decoding=\"async\" width=\"740\" height=\"440\" src=\"data:image\/svg+xml;charset=utf-8,&lt;svg xmlns%3D&#039;http%3A%2F%2Fwww.w3.org%2F2000%2Fsvg&#039; viewBox%3D&#039;0 0 740 440&#039;%2F&gt;\" class=\"attachment-liquid-default-blog size-liquid-default-blog ld-lazyload wp-post-image\" alt=\"Axelle participated in ROPAS by Tissi\" data-src=\"https:\/\/tissiconsulting.com\/wp-content\/uploads\/2020\/09\/NEWS-Tissi-Web-4-740x440.png\" data-aspect=\"1.6818181818182\" srcset=\"\" \/><\/a><\/figure><header class=\"liquid-lp-header\">\n\t<h2 class=\"entry-title liquid-lp-title h4\"><a  href=\"https:\/\/tissiconsulting.com\/fr\/ropas-testimonials-axelle-feels-empowered-to-act-for-to-social-change\/\" rel=\"bookmark\">T\u00e9moignages ROPAS : Axelle se sent habilit\u00e9e \u00e0 agir pour le changement social<\/a><\/h2><\/header>\n\n\t\t\t<div class=\"liquid-lp-excerpt entry-summary mt-1\">\n\t\t\t\tAxelle graduated in 2020 from a French high school in Bamako. She now left for...\t\t\t<\/div><!-- \/.latest-post-excerpt -->\n\t\t\n<footer class=\"liquid-lp-footer\">\n\t<a href=\"https:\/\/tissiconsulting.com\/fr\/ropas-testimonials-axelle-feels-empowered-to-act-for-to-social-change\/\" class=\"btn font-weight-bold btn-naked liquid-lp-read-more\">\n\t\t<span>\n\t\t\t<span class=\"btn-txt\">Lire plus<\/span>\n\t\t\t<span class=\"btn-icon\">\n\t\t\t\t<i class=\"fa fa-angle-right\"><\/i>\n\t\t\t<\/span>\n\t\t<\/span>\n\t<\/a>\n<\/footer>\n<\/article><\/div><\/div><!--\/ .row --><\/div><!--\/ .liquid-blog-posts --><\/div><\/div><\/div><\/div><div class=\"wpb_column vc_column_container vc_col-sm-4 liquid-column-69ea580e64158\"><div class=\"vc_column-inner\"><div class=\"wpb_wrapper\"   ><div class=\"wpb_wrapper-inner\"><style>.ld_blog_69ea580e64203 .liquid-blog-grid{margin-left:-15px;margin-right:-15px;}.ld_blog_69ea580e64203 .liquid-blog-grid > div{padding-left:15px;padding-right:15px;}.ld_blog_69ea580e64203 .liquid-blog-grid .liquid-lp{margin-bottom:30px;}.ld_blog_69ea580e64203 .filter-list{margin-bottom:px;}.ld_blog_69ea580e64203 .liquid-blog-item .liquid-lp-title,.ld_blog_69ea580e64203 .liquid-lp .liquid-lp-title{margin-top:px;margin-bottom:px;}<\/style><div class=\"liquid-blog-posts ld_blog_69ea580e64203 ld-1602155157465-45f0f370-ba16\"><div class=\"liquid-blog-grid row\"><div class=\"col-md-12\"><article id=\"post-8245\" class=\"liquid-lp post-8245 post type-post status-publish format-standard has-post-thumbnail hentry category-news\"><figure class=\"liquid-lp-media\"  data-responsive-bg=\"true\" data-parallax=\"true\" data-parallax-options='{ \"parallaxBG\": true }'><a  href=\"https:\/\/tissiconsulting.com\/fr\/ropas-testimonials-rania-enjoyed-learning-about-issues-never-discussed-in-school\/\"><img loading=\"lazy\" decoding=\"async\" width=\"740\" height=\"440\" src=\"data:image\/svg+xml;charset=utf-8,&lt;svg xmlns%3D&#039;http%3A%2F%2Fwww.w3.org%2F2000%2Fsvg&#039; viewBox%3D&#039;0 0 740 440&#039;%2F&gt;\" class=\"attachment-liquid-default-blog size-liquid-default-blog ld-lazyload wp-post-image\" alt=\"Rania participated in ROPAS by Tissi\" data-src=\"https:\/\/tissiconsulting.com\/wp-content\/uploads\/2020\/10\/NEWS-Tissi-Web-6-740x440.png\" data-aspect=\"1.6818181818182\" srcset=\"\" \/><\/a><\/figure><header class=\"liquid-lp-header\">\n\t<h2 class=\"entry-title liquid-lp-title h4\"><a  href=\"https:\/\/tissiconsulting.com\/fr\/ropas-testimonials-rania-enjoyed-learning-about-issues-never-discussed-in-school\/\" rel=\"bookmark\">T\u00e9moignages ROPAS : Rania a aim\u00e9 apprendre des sujets jamais abord\u00e9s \u00e0 l'\u00e9cole<\/a><\/h2><\/header>\n\n\t\t\t<div class=\"liquid-lp-excerpt entry-summary mt-1\">\n\t\t\t\tRania est dipl\u00f4m\u00e9e en 2020 d'un lyc\u00e9e fran\u00e7ais de Bamako. Elle s'appr\u00eate \u00e0...\t\t\t<\/div><!-- \/.latest-post-excerpt -->\n\t\t\n<footer class=\"liquid-lp-footer\">\n\t<a href=\"https:\/\/tissiconsulting.com\/fr\/ropas-testimonials-rania-enjoyed-learning-about-issues-never-discussed-in-school\/\" class=\"btn font-weight-bold btn-naked liquid-lp-read-more\">\n\t\t<span>\n\t\t\t<span class=\"btn-txt\">Lire plus<\/span>\n\t\t\t<span class=\"btn-icon\">\n\t\t\t\t<i class=\"fa fa-angle-right\"><\/i>\n\t\t\t<\/span>\n\t\t<\/span>\n\t<\/a>\n<\/footer>\n<\/article><\/div><\/div><!--\/ .row --><\/div><!--\/ .liquid-blog-posts --><\/div><\/div><\/div><\/div><div class=\"wpb_column vc_column_container vc_col-sm-4 liquid-column-69ea580e69781\"><div class=\"vc_column-inner\"><div class=\"wpb_wrapper\"   ><div class=\"wpb_wrapper-inner\"><style>.ld_blog_69ea580e6980f .liquid-blog-grid{margin-left:-15px;margin-right:-15px;}.ld_blog_69ea580e6980f .liquid-blog-grid > div{padding-left:15px;padding-right:15px;}.ld_blog_69ea580e6980f .liquid-blog-grid .liquid-lp{margin-bottom:30px;}.ld_blog_69ea580e6980f .filter-list{margin-bottom:px;}.ld_blog_69ea580e6980f .liquid-blog-item .liquid-lp-title,.ld_blog_69ea580e6980f .liquid-lp .liquid-lp-title{margin-top:px;margin-bottom:px;}<\/style><div class=\"liquid-blog-posts ld_blog_69ea580e6980f ld-1602155103426-eb3632d7-e0a0\"><div class=\"liquid-blog-grid row\"><div class=\"col-md-12\"><article id=\"post-8244\" class=\"liquid-lp post-8244 post type-post status-publish format-standard has-post-thumbnail hentry category-news\"><figure class=\"liquid-lp-media\"  data-responsive-bg=\"true\" data-parallax=\"true\" data-parallax-options='{ \"parallaxBG\": true }'><a  href=\"https:\/\/tissiconsulting.com\/fr\/ropas-testimonials-warda-feels-more-open-minded-and-knowledgeable-about-antiracism\/\"><img loading=\"lazy\" decoding=\"async\" width=\"740\" height=\"440\" src=\"data:image\/svg+xml;charset=utf-8,&lt;svg xmlns%3D&#039;http%3A%2F%2Fwww.w3.org%2F2000%2Fsvg&#039; viewBox%3D&#039;0 0 740 440&#039;%2F&gt;\" class=\"attachment-liquid-default-blog size-liquid-default-blog ld-lazyload wp-post-image\" alt=\"Warda participated in ROPAS by Tissi\" data-src=\"https:\/\/tissiconsulting.com\/wp-content\/uploads\/2020\/10\/NEWS-Tissi-Web-5-740x440.png\" data-aspect=\"1.6818181818182\" srcset=\"\" \/><\/a><\/figure><header class=\"liquid-lp-header\">\n\t<h2 class=\"entry-title liquid-lp-title h4\"><a  href=\"https:\/\/tissiconsulting.com\/fr\/ropas-testimonials-warda-feels-more-open-minded-and-knowledgeable-about-antiracism\/\" rel=\"bookmark\">T\u00e9moignages ROPAS : Warda se sent plus ouverte d'esprit et bien inform\u00e9e sur l'antiracisme<\/a><\/h2><\/header>\n\n\t\t\t<div class=\"liquid-lp-excerpt entry-summary mt-1\">\n\t\t\t\tWarda is a Grade 12 student in Bamako. Upon graduation, she will move to Canada...\t\t\t<\/div><!-- \/.latest-post-excerpt -->\n\t\t\n<footer class=\"liquid-lp-footer\">\n\t<a href=\"https:\/\/tissiconsulting.com\/fr\/ropas-testimonials-warda-feels-more-open-minded-and-knowledgeable-about-antiracism\/\" class=\"btn font-weight-bold btn-naked liquid-lp-read-more\">\n\t\t<span>\n\t\t\t<span class=\"btn-txt\">Lire plus<\/span>\n\t\t\t<span class=\"btn-icon\">\n\t\t\t\t<i class=\"fa fa-angle-right\"><\/i>\n\t\t\t<\/span>\n\t\t<\/span>\n\t<\/a>\n<\/footer>\n<\/article><\/div><\/div><!--\/ .row --><\/div><!--\/ .liquid-blog-posts --><\/div><\/div><\/div><\/div><\/div><\/div><\/section>\n<\/div>","protected":false},"excerpt":{"rendered":"Warda is a Grade 12 student in Bamako. Upon graduation, she will move to Canada...","protected":false},"author":2,"featured_media":0,"parent":0,"menu_order":0,"comment_status":"closed","ping_status":"closed","template":"","meta":{"footnotes":""},"class_list":["post-8277","page","type-page","status-publish","hentry"],"jetpack_sharing_enabled":true,"_links":{"self":[{"href":"https:\/\/tissiconsulting.com\/fr\/wp-json\/wp\/v2\/pages\/8277","targetHints":{"allow":["GET"]}}],"collection":[{"href":"https:\/\/tissiconsulting.com\/fr\/wp-json\/wp\/v2\/pages"}],"about":[{"href":"https:\/\/tissiconsulting.com\/fr\/wp-json\/wp\/v2\/types\/page"}],"author":[{"embeddable":true,"href":"https:\/\/tissiconsulting.com\/fr\/wp-json\/wp\/v2\/users\/2"}],"replies":[{"embeddable":true,"href":"https:\/\/tissiconsulting.com\/fr\/wp-json\/wp\/v2\/comments?post=8277"}],"version-history":[{"count":9,"href":"https:\/\/tissiconsulting.com\/fr\/wp-json\/wp\/v2\/pages\/8277\/revisions"}],"predecessor-version":[{"id":8362,"href":"https:\/\/tissiconsulting.com\/fr\/wp-json\/wp\/v2\/pages\/8277\/revisions\/8362"}],"wp:attachment":[{"href":"https:\/\/tissiconsulting.com\/fr\/wp-json\/wp\/v2\/media?parent=8277"}],"curies":[{"name":"wp","href":"https:\/\/api.w.org\/{rel}","templated":true}]}}